{"id":2742,"date":"2026-05-12T16:00:01","date_gmt":"2026-05-12T16:00:01","guid":{"rendered":"https:\/\/alfareedline.com\/product\/sweden-esim\/"},"modified":"2026-05-12T16:00:34","modified_gmt":"2026-05-12T16:00:34","slug":"sweden-esim","status":"publish","type":"product","link":"https:\/\/alfareedline.com\/ar\/product\/sweden-esim\/","title":{"rendered":"Sweden"},"content":{"rendered":"<h2>Sweden eSIM \u2014 Sweden eSIM \u2014 Stockholm, Gothenburg &amp; Lapland 4G\/LTE Plans <\/h2>\n<p>Embrace the Scandinavian spirit with AlfareedLine Sweden eSIM \u2014 your instant connectivity solution for the Kingdom of Vikings, ABBA, and the Northern Lights. From the colorful Gamla Stan old town in Stockholm to the Arctic wilderness of Lapland where you can witness the aurora borealis, the glass-blowing traditions of Sm\u00e5land, and the midnight sun of Midsommar, stay perfectly connected throughout your Swedish journey.<\/p>\n<p>AlfareedLine Sweden eSIM provides instant 4G\/LTE coverage across Stockholm, Gothenburg, Malm\u00f6, Uppsala, V\u00e4ster\u00e5s, and throughout Sweden including the Arctic north. Activate your eSIM before departure and enjoy seamless internet connectivity for navigating Sweden&#8217;s extensive public transport, finding IKEA&#8217;s birthplace in \u00c4lmhult, and sharing the magic of a Swedish summer or winter wonderland.<\/p>\n<p>Sweden is a paradise of clean design, innovation, and natural beauty \u2014 from the ICEHOTEL in Jukkasj\u00e4rvi to the Vasa Museum in Stockholm, world-class dining on New Nordic cuisine, and a commitment to sustainability that makes every visit feel meaningful. With AlfareedLine Sweden eSIM, experience the best of Scandinavia fully connected.<\/p>","protected":false},"excerpt":{"rendered":"<p>Explore Stockholm, Gothenburg &amp; Lapland with AlfareedLine Sweden eSIM. Instant 4G\/LTE including Arctic regions. No roaming fees.<\/p>","protected":false},"featured_media":956,"comment_status":"open","ping_status":"closed","template":"","meta":{"_acf_changed":false,"site-sidebar-layout":"default","site-content-layout":"","ast-site-content-layout":"default","site-content-style":"default","site-sidebar-style":"default","ast-global-header-display":"","ast-banner-title-visibility":"","ast-main-header-display":"","ast-hfb-above-header-display":"","ast-hfb-below-header-display":"","ast-hfb-mobile-header-display":"","site-post-title":"","ast-breadcrumbs-content":"","ast-featured-img":"","footer-sml-layout":"","ast-disable-related-posts":"","theme-transparent-header-meta":"","adv-header-id-meta":"","stick-header-meta":"","header-above-stick-meta":"","header-main-stick-meta":"","header-below-stick-meta":"","astra-migrate-meta-layouts":"default","ast-page-background-enabled":"default","ast-page-background-meta":{"desktop":{"background-color":"var(--ast-global-color-5)","background-image":"","background-repeat":"repeat","background-position":"center center","background-size":"auto","background-attachment":"scroll","background-type":"","background-media":"","overlay-type":"","overlay-color":"","overlay-opacity":"","overlay-gradient":""},"tablet":{"background-color":"","background-image":"","background-repeat":"repeat","background-position":"center center","background-size":"auto","background-attachment":"scroll","background-type":"","background-media":"","overlay-type":"","overlay-color":"","overlay-opacity":"","overlay-gradient":""},"mobile":{"background-color":"","background-image":"","background-repeat":"repeat","background-position":"center center","background-size":"auto","background-attachment":"scroll","background-type":"","background-media":"","overlay-type":"","overlay-color":"","overlay-opacity":"","overlay-gradient":""}},"ast-content-background-meta":{"desktop":{"background-color":"var(--ast-global-color-4)","background-image":"","background-repeat":"repeat","background-position":"center center","background-size":"auto","background-attachment":"scroll","background-type":"","background-media":"","overlay-type":"","overlay-color":"","overlay-opacity":"","overlay-gradient":""},"tablet":{"background-color":"var(--ast-global-color-4)","background-image":"","background-repeat":"repeat","background-position":"center center","background-size":"auto","background-attachment":"scroll","background-type":"","background-media":"","overlay-type":"","overlay-color":"","overlay-opacity":"","overlay-gradient":""},"mobile":{"background-color":"var(--ast-global-color-4)","background-image":"","background-repeat":"repeat","background-position":"center center","background-size":"auto","background-attachment":"scroll","background-type":"","background-media":"","overlay-type":"","overlay-color":"","overlay-opacity":"","overlay-gradient":""}}},"product_brand":[],"product_cat":[21],"product_tag":[46,44,47,231,45],"class_list":{"0":"post-2742","1":"product","2":"type-product","3":"status-publish","4":"has-post-thumbnail","6":"product_cat-local-esim","7":"product_tag-4g-lte","8":"product_tag-esim","9":"product_tag-no-roaming","10":"product_tag-sweden","11":"product_tag-travel-sim","12":"desktop-align-left","13":"tablet-align-left","14":"mobile-align-left","16":"first","17":"instock","18":"shipping-taxable","19":"purchasable","20":"product-type-variable"},"acf":[],"_links":{"self":[{"href":"https:\/\/alfareedline.com\/ar\/wp-json\/wp\/v2\/product\/2742","targetHints":{"allow":["GET"]}}],"collection":[{"href":"https:\/\/alfareedline.com\/ar\/wp-json\/wp\/v2\/product"}],"about":[{"href":"https:\/\/alfareedline.com\/ar\/wp-json\/wp\/v2\/types\/product"}],"replies":[{"embeddable":true,"href":"https:\/\/alfareedline.com\/ar\/wp-json\/wp\/v2\/comments?post=2742"}],"wp:featuredmedia":[{"embeddable":true,"href":"https:\/\/alfareedline.com\/ar\/wp-json\/wp\/v2\/media\/956"}],"wp:attachment":[{"href":"https:\/\/alfareedline.com\/ar\/wp-json\/wp\/v2\/media?parent=2742"}],"wp:term":[{"taxonomy":"product_brand","embeddable":true,"href":"https:\/\/alfareedline.com\/ar\/wp-json\/wp\/v2\/product_brand?post=2742"},{"taxonomy":"product_cat","embeddable":true,"href":"https:\/\/alfareedline.com\/ar\/wp-json\/wp\/v2\/product_cat?post=2742"},{"taxonomy":"product_tag","embeddable":true,"href":"https:\/\/alfareedline.com\/ar\/wp-json\/wp\/v2\/product_tag?post=2742"}],"curies":[{"name":"wp","href":"https:\/\/api.w.org\/{rel}","templated":true}]}}