{"id":1864,"date":"2026-05-12T15:29:29","date_gmt":"2026-05-12T15:29:29","guid":{"rendered":"https:\/\/alfareedline.com\/product\/hungary-esim\/"},"modified":"2026-05-12T15:29:57","modified_gmt":"2026-05-12T15:29:57","slug":"hungary-esim","status":"publish","type":"product","link":"https:\/\/alfareedline.com\/ar\/product\/hungary-esim\/","title":{"rendered":"Hungary"},"content":{"rendered":"<h2>Hungary eSIM \u2014 Hungary eSIM \u2014 Budapest, Thermal Baths &amp; Tokaj 4G\/LTE Plans <\/h2>\n<p>Explore the Pearl of the Danube with AlfareedLine Hungary eSIM \u2014 your seamless connectivity solution for one of Europe&#8217;s most underrated and enchanting destinations. From the stunning Hungarian Parliament Building \u2014 one of Europe&#8217;s most beautiful \u2014 reflected in the Danube River to Buda Castle and Fisherman&#8217;s Bastion offering panoramic views over the twin cities, the thermal bath culture of Sz\u00e9chenyi and Gell\u00e9rt, the ruin bars of Budapest&#8217;s Jewish Quarter, the Tokaj wine region, and the medieval town of Eger \u2014 stay connected throughout your Hungarian journey.<\/p>\n<p>AlfareedLine Hungary eSIM provides instant 4G\/LTE coverage across Budapest, Debrecen, Miskolc, P\u00e9cs, Gy\u0151r, Ny\u00edregyh\u00e1za, and throughout Hungary. Activate your eSIM and enjoy high-speed internet for navigating Budapest&#8217;s excellent metro \u2014 the second oldest in the world \u2014 exploring the Great Market Hall, and discovering the best goulash and l\u00e1ngos.<\/p>\n<p>Hungary surprises every visitor \u2014 a language so unique it is related to almost nothing else in Europe, thermal baths that have been healing Budapest residents since Roman times, a musical tradition that produced Liszt and Bart\u00f3k, paprika-infused cuisine that is the soul of Central European cooking, and a nightlife in Budapest&#8217;s ruin bars that is unlike anything else in the world. With AlfareedLine Hungary eSIM, experience the Pearl of the Danube fully connected.<\/p>","protected":false},"excerpt":{"rendered":"<p>Explore Budapest, Tokaj wine region &amp; Hungarian thermal baths with AlfareedLine Hungary eSIM. Instant 4G\/LTE nationwide. No roaming fees.<\/p>","protected":false},"featured_media":711,"comment_status":"open","ping_status":"closed","template":"","meta":{"_acf_changed":false,"site-sidebar-layout":"default","site-content-layout":"","ast-site-content-layout":"default","site-content-style":"default","site-sidebar-style":"default","ast-global-header-display":"","ast-banner-title-visibility":"","ast-main-header-display":"","ast-hfb-above-header-display":"","ast-hfb-below-header-display":"","ast-hfb-mobile-header-display":"","site-post-title":"","ast-breadcrumbs-content":"","ast-featured-img":"","footer-sml-layout":"","ast-disable-related-posts":"","theme-transparent-header-meta":"","adv-header-id-meta":"","stick-header-meta":"","header-above-stick-meta":"","header-main-stick-meta":"","header-below-stick-meta":"","astra-migrate-meta-layouts":"default","ast-page-background-enabled":"default","ast-page-background-meta":{"desktop":{"background-color":"var(--ast-global-color-5)","background-image":"","background-repeat":"repeat","background-position":"center center","background-size":"auto","background-attachment":"scroll","background-type":"","background-media":"","overlay-type":"","overlay-color":"","overlay-opacity":"","overlay-gradient":""},"tablet":{"background-color":"","background-image":"","background-repeat":"repeat","background-position":"center center","background-size":"auto","background-attachment":"scroll","background-type":"","background-media":"","overlay-type":"","overlay-color":"","overlay-opacity":"","overlay-gradient":""},"mobile":{"background-color":"","background-image":"","background-repeat":"repeat","background-position":"center center","background-size":"auto","background-attachment":"scroll","background-type":"","background-media":"","overlay-type":"","overlay-color":"","overlay-opacity":"","overlay-gradient":""}},"ast-content-background-meta":{"desktop":{"background-color":"var(--ast-global-color-4)","background-image":"","background-repeat":"repeat","background-position":"center center","background-size":"auto","background-attachment":"scroll","background-type":"","background-media":"","overlay-type":"","overlay-color":"","overlay-opacity":"","overlay-gradient":""},"tablet":{"background-color":"var(--ast-global-color-4)","background-image":"","background-repeat":"repeat","background-position":"center center","background-size":"auto","background-attachment":"scroll","background-type":"","background-media":"","overlay-type":"","overlay-color":"","overlay-opacity":"","overlay-gradient":""},"mobile":{"background-color":"var(--ast-global-color-4)","background-image":"","background-repeat":"repeat","background-position":"center center","background-size":"auto","background-attachment":"scroll","background-type":"","background-media":"","overlay-type":"","overlay-color":"","overlay-opacity":"","overlay-gradient":""}}},"product_brand":[],"product_cat":[21],"product_tag":[46,44,134,47,45],"class_list":{"0":"post-1864","1":"product","2":"type-product","3":"status-publish","4":"has-post-thumbnail","6":"product_cat-local-esim","7":"product_tag-4g-lte","8":"product_tag-esim","9":"product_tag-hungary","10":"product_tag-no-roaming","11":"product_tag-travel-sim","12":"desktop-align-left","13":"tablet-align-left","14":"mobile-align-left","16":"first","17":"instock","18":"shipping-taxable","19":"purchasable","20":"product-type-variable"},"acf":[],"_links":{"self":[{"href":"https:\/\/alfareedline.com\/ar\/wp-json\/wp\/v2\/product\/1864","targetHints":{"allow":["GET"]}}],"collection":[{"href":"https:\/\/alfareedline.com\/ar\/wp-json\/wp\/v2\/product"}],"about":[{"href":"https:\/\/alfareedline.com\/ar\/wp-json\/wp\/v2\/types\/product"}],"replies":[{"embeddable":true,"href":"https:\/\/alfareedline.com\/ar\/wp-json\/wp\/v2\/comments?post=1864"}],"wp:featuredmedia":[{"embeddable":true,"href":"https:\/\/alfareedline.com\/ar\/wp-json\/wp\/v2\/media\/711"}],"wp:attachment":[{"href":"https:\/\/alfareedline.com\/ar\/wp-json\/wp\/v2\/media?parent=1864"}],"wp:term":[{"taxonomy":"product_brand","embeddable":true,"href":"https:\/\/alfareedline.com\/ar\/wp-json\/wp\/v2\/product_brand?post=1864"},{"taxonomy":"product_cat","embeddable":true,"href":"https:\/\/alfareedline.com\/ar\/wp-json\/wp\/v2\/product_cat?post=1864"},{"taxonomy":"product_tag","embeddable":true,"href":"https:\/\/alfareedline.com\/ar\/wp-json\/wp\/v2\/product_tag?post=1864"}],"curies":[{"name":"wp","href":"https:\/\/api.w.org\/{rel}","templated":true}]}}